{"id":13454,"date":"2024-11-10T23:35:59","date_gmt":"2024-11-10T22:35:59","guid":{"rendered":"https:\/\/imdigital.rs\/?post_type=product&#038;p=13454"},"modified":"2024-11-25T21:59:13","modified_gmt":"2024-11-25T20:59:13","slug":"im-digital-google-review-card","status":"publish","type":"product","link":"https:\/\/imdigital.rs\/en\/proizvod\/im-digital-google-review-card\/","title":{"rendered":"IM Digital Google review Card"},"content":{"rendered":"<p><span style=\"font-weight: 400;\">U dana\u0161njem digitalnom svetu, gde se svaka ocena i recenzija ra\u010duna, posedovanje jedinstvene digitalne vizitkarte koja omogu\u0107ava direktne recenzije na Google-u mo\u017ee zna\u010dajno unaprediti va\u0161e poslovanje! Predstavljamo <\/span><b>IM Digital Card<\/b><span style=\"font-weight: 400;\"> \u2013 inovativnu Google review card koja omogu\u0107ava va\u0161im klijentima da lako ostave recenziju koriste\u0107i samo svoj telefon.<\/span><\/p>\n","protected":false},"excerpt":{"rendered":"<p>U dana\u0161njem digitalnom svetu, gde se svaka ocena i recenzija ra\u010duna, posedovanje jedinstvene digitalne vizitkarte koja omogu\u0107ava direktne recenzije na&#8230;<\/p>\n","protected":false},"featured_media":13490,"comment_status":"open","ping_status":"closed","template":"","meta":{"rank_math_lock_modified_date":false},"product_cat":[75],"product_tag":[],"class_list":{"0":"post-13454","1":"product","2":"type-product","3":"status-publish","4":"has-post-thumbnail","6":"product_cat-google-review-plate","8":"first","9":"instock","10":"taxable","11":"shipping-taxable","12":"purchasable","13":"product-type-simple"},"_links":{"self":[{"href":"https:\/\/imdigital.rs\/en\/wp-json\/wp\/v2\/product\/13454","targetHints":{"allow":["GET"]}}],"collection":[{"href":"https:\/\/imdigital.rs\/en\/wp-json\/wp\/v2\/product"}],"about":[{"href":"https:\/\/imdigital.rs\/en\/wp-json\/wp\/v2\/types\/product"}],"replies":[{"embeddable":true,"href":"https:\/\/imdigital.rs\/en\/wp-json\/wp\/v2\/comments?post=13454"}],"version-history":[{"count":3,"href":"https:\/\/imdigital.rs\/en\/wp-json\/wp\/v2\/product\/13454\/revisions"}],"predecessor-version":[{"id":13812,"href":"https:\/\/imdigital.rs\/en\/wp-json\/wp\/v2\/product\/13454\/revisions\/13812"}],"wp:featuredmedia":[{"embeddable":true,"href":"https:\/\/imdigital.rs\/en\/wp-json\/wp\/v2\/media\/13490"}],"wp:attachment":[{"href":"https:\/\/imdigital.rs\/en\/wp-json\/wp\/v2\/media?parent=13454"}],"wp:term":[{"taxonomy":"product_cat","embeddable":true,"href":"https:\/\/imdigital.rs\/en\/wp-json\/wp\/v2\/product_cat?post=13454"},{"taxonomy":"product_tag","embeddable":true,"href":"https:\/\/imdigital.rs\/en\/wp-json\/wp\/v2\/product_tag?post=13454"}],"curies":[{"name":"wp","href":"https:\/\/api.w.org\/{rel}","templated":true}]}}